{"id":25,"date":"2026-04-19T13:38:35","date_gmt":"2026-04-19T13:38:35","guid":{"rendered":"https:\/\/bazenisibenik.hr.ax02.com\/?page_id=25"},"modified":"2026-04-21T10:35:10","modified_gmt":"2026-04-21T08:35:10","slug":"home","status":"publish","type":"page","link":"https:\/\/bazenisibenik.hr\/en\/","title":{"rendered":"Home"},"content":{"rendered":"<div data-elementor-type=\"wp-page\" data-elementor-id=\"25\" class=\"elementor elementor-25\">\n\t\t\t\t<div class=\"elementor-element elementor-element-4d7ba46 e-flex e-con-boxed e-con e-parent\" data-id=\"4d7ba46\" data-element_type=\"container\" data-e-type=\"container\">\n\t\t\t\t\t<div class=\"e-con-inner\">\n\t\t\t\t<div class=\"elementor-element elementor-element-335bb12 elementor-widget elementor-widget-html\" data-id=\"335bb12\" data-element_type=\"widget\" data-e-type=\"widget\" data-widget_type=\"html.default\">\n\t\t\t\t\t<section class=\"bs-pghero\">\r\n  <div class=\"bs-hero-dots\"><\/div>\r\n  <div class=\"bs-hero-glow\"><\/div>\r\n  <div class=\"bs-hi\" style=\"padding-top: 0px; padding-bottom: 30px;\">\r\n    <div class=\"bs-hero-badge\">\u0160ibenik and the surrounding area \u00b7 since 2017.<\/div>\r\n    <p class=\"bs-hero-kicker\">Professional pool construction<\/p>\r\n    <h1>Pools<br><em>\u0160ibenik<\/em><\/h1>\r\n    <p class=\"bs-hero-desc\">From idea to perfect pool \u2014 design, construction, premium equipment and year-round maintenance.<\/p>\r\n    <br>\r\n    <div class=\"bs-hero-cta\">\r\n      <a href=\"\/en\/kontakt\/\" class=\"bs-btn\">Free offer<\/a>\r\n      <a href=\"\/en\/galerija\/\" class=\"bs-btng\">See works<\/a>\r\n    <\/div>\r\n  <\/div>\r\n  <div class=\"bs-hero-waves\"><\/div>\r\n<\/section>\t\t\t\t<\/div>\n\t\t\t\t\t<\/div>\n\t\t\t\t<\/div>\n\t\t<div class=\"elementor-element elementor-element-03b1638 e-flex e-con-boxed e-con e-parent\" data-id=\"03b1638\" data-element_type=\"container\" data-e-type=\"container\">\n\t\t\t\t\t<div class=\"e-con-inner\">\n\t\t\t\t<div class=\"elementor-element elementor-element-a9d1f19 elementor-widget elementor-widget-html\" data-id=\"a9d1f19\" data-element_type=\"widget\" data-e-type=\"widget\" data-widget_type=\"html.default\">\n\t\t\t\t\t<div class=\"bs-statsbar\">\r\n  <div class=\"bs-stat\"><span class=\"bs-stn\">9+<\/span><span class=\"bs-stl\">years experience<\/span><\/div>\r\n  <div class=\"bs-stat\"><span class=\"bs-stn\">EU<\/span><span class=\"bs-stl\">certified equipment<\/span><\/div>\r\n  <div class=\"bs-stat\"><span class=\"bs-stn\">3<\/span><span class=\"bs-stl\">types of pools<\/span><\/div>\r\n  <div class=\"bs-stat\"><span class=\"bs-stn\">\u221e<\/span><span class=\"bs-stl\">satisfied clients<\/span><\/div>\r\n<\/div>\t\t\t\t<\/div>\n\t\t\t\t\t<\/div>\n\t\t\t\t<\/div>\n\t\t<div class=\"elementor-element elementor-element-88f06a0 e-flex e-con-boxed e-con e-parent\" data-id=\"88f06a0\" data-element_type=\"container\" data-e-type=\"container\">\n\t\t\t\t\t<div class=\"e-con-inner\">\n\t\t\t\t<div class=\"elementor-element elementor-element-5846100 elementor-widget elementor-widget-html\" data-id=\"5846100\" data-element_type=\"widget\" data-e-type=\"widget\" data-widget_type=\"html.default\">\n\t\t\t\t\t<div class=\"bs-c\">\r\n  <div class=\"bs-onam2\">\r\n    <div class=\"bs-onam-im\">\r\n      <img decoding=\"async\" src=\"https:\/\/bazenisibenik.hr\/wp-content\/uploads\/2026\/04\/IMG-20260412-WA0013-1024x771.jpg\" alt=\"Bazeni \u0160ibenik\">\r\n      <div class=\"bs-onam-ph\"><\/div>\r\n    <\/div>\r\n    <div>\r\n      <span class=\"bs-lbl\">About Us<\/span>\r\n      <h2 class=\"bs-h2 bs-h2d\">Your reliable<br>partner for swimming pools<\/h2>\r\n      <div class=\"bs-div\"><\/div>\r\n      <div class=\"bs-onam-tag\">Deluxe Craft \u00b7 \u017dabori\u0107, \u0160ibenik \u00b7 since 2017.<\/div>\r\n      <p class=\"bs-lead\" style=\"margin-bottom:16px;\">We specialize in the construction, installation and maintenance of swimming pools, pool equipment, and retail sales of pool and wellness equipment throughout Dalmatia.<\/p>\r\n      <p class=\"bs-lead\">The owner, Mr. D. Bumbak, founded the company in 2017 and has been building and servicing swimming pools for 9 years with a team of young, ambitious and professional employees.<\/p>\r\n      <a href=\"\/en\/servis\/\" class=\"bs-btn\" style=\"margin-top:28px;\">Learn more about the service<\/a>\r\n    <\/div>\r\n  <\/div>\r\n<\/div>\t\t\t\t<\/div>\n\t\t\t\t\t<\/div>\n\t\t\t\t<\/div>\n\t\t<div class=\"elementor-element elementor-element-347da86 e-flex e-con-boxed e-con e-parent\" data-id=\"347da86\" data-element_type=\"container\" data-e-type=\"container\">\n\t\t\t\t\t<div class=\"e-con-inner\">\n\t\t\t\t<div class=\"elementor-element elementor-element-2592709 elementor-widget elementor-widget-html\" data-id=\"2592709\" data-element_type=\"widget\" data-e-type=\"widget\" data-widget_type=\"html.default\">\n\t\t\t\t\t<div class=\"bs-c\">\r\n  <div class=\"bs-cx\">\r\n    <span class=\"bs-lbl\">What are we building?<\/span>\r\n    <h2 class=\"bs-h2 bs-h2d\">Types of pools<\/h2>\r\n    <div class=\"bs-div bs-divc\"><\/div>\r\n    <p class=\"bs-lead\" style=\"margin:0 auto;\">We design and build overflow, skimmer and massage pools. We adapt each project to the client's wishes and space.<\/p>\r\n  <\/div>\r\n  <div class=\"bs-cards\">\r\n    <div class=\"bs-card\">\r\n      <div class=\"bs-cim\">\ud83c\udf0a<\/div>\r\n      <div class=\"bs-cb\">\r\n        <div class=\"bs-ct\">Overflow pool<\/div>\r\n        <p class=\"bs-cd\">Water at the edge level \u2014 an effective view of the surroundings. The most efficient way of water circulation.<\/p>\r\n        <a href=\"\/en\/bazeni\/\" class=\"bs-card-link\">Find out more \u2192<\/a>\r\n      <\/div>\r\n    <\/div>\r\n    <div class=\"bs-card\">\r\n      <div class=\"bs-cim\">\ud83c\udfca<\/div>\r\n      <div class=\"bs-cb\">\r\n        <div class=\"bs-ct\">Skimmer pool<\/div>\r\n        <p class=\"bs-cd\">The most popular choice for private pools. Easy and economical maintenance.<\/p>\r\n        <a href=\"\/en\/bazeni\/\" class=\"bs-card-link\">Find out more \u2192<\/a>\r\n      <\/div>\r\n    <\/div>\r\n    <div class=\"bs-card\">\r\n      <div class=\"bs-cim\">\ud83d\udc86<\/div>\r\n      <div class=\"bs-cb\">\r\n        <div class=\"bs-ct\">Massage pool<\/div>\r\n        <p class=\"bs-cd\">Hydromassage, geyser and waterfalls for the ultimate experience of pleasure. Garden, terrace or balcony.<\/p>\r\n        <a href=\"\/en\/bazeni\/\" class=\"bs-card-link\">Find out more \u2192<\/a>\r\n      <\/div>\r\n    <\/div>\r\n  <\/div>\r\n<\/div>\t\t\t\t<\/div>\n\t\t\t\t\t<\/div>\n\t\t\t\t<\/div>\n\t\t<div class=\"elementor-element elementor-element-65be83f e-flex e-con-boxed e-con e-parent\" data-id=\"65be83f\" data-element_type=\"container\" data-e-type=\"container\">\n\t\t\t\t\t<div class=\"e-con-inner\">\n\t\t\t\t<div class=\"elementor-element elementor-element-189e120 elementor-widget elementor-widget-html\" data-id=\"189e120\" data-element_type=\"widget\" data-e-type=\"widget\" data-widget_type=\"html.default\">\n\t\t\t\t\t<div class=\"bs-cta-banner\">\r\n  <h2>Build the pool of your dreams<\/h2>\r\n  <p>Contact us without obligation \u2014 a free estimate and quote for your project.<\/p>\r\n  <div class=\"bs-cta-btns\">\r\n    <a href=\"\/en\/kontakt\/\" class=\"bs-btn\">Request a free quote<\/a>\r\n    <a href=\"\/en\/galerija\/\" class=\"bs-btng\">View the gallery<\/a>\r\n  <\/div>\r\n<\/div>\t\t\t\t<\/div>\n\t\t\t\t\t<\/div>\n\t\t\t\t<\/div>\n\t\t\t\t<\/div>","protected":false},"excerpt":{"rendered":"<p>\u0160ibenik i \u0161ira okolica \u00a0\u00b7\u00a0 od 2017. Profesionalna gradnja bazena Bazeni\u0160ibenik Od ideje do savr\u0161enog bazena \u2014 projektiranje, izgradnja, premium [&hellip;]<\/p>\n","protected":false},"author":1,"featured_media":0,"parent":0,"menu_order":0,"comment_status":"closed","ping_status":"closed","template":"","meta":{"site-sidebar-layout":"no-sidebar","site-content-layout":"","ast-site-content-layout":"full-width-container","site-content-style":"default","site-sidebar-style":"default","ast-global-header-display":"","ast-banner-title-visibility":"","ast-main-header-display":"","ast-hfb-above-header-display":"","ast-hfb-below-header-display":"","ast-hfb-mobile-header-display":"","site-post-title":"","ast-breadcrumbs-content":"","ast-featured-img":"disabled","footer-sml-layout":"","ast-disable-related-posts":"","theme-transparent-header-meta":"default","adv-header-id-meta":"","stick-header-meta":"","header-above-stick-meta":"","header-main-stick-meta":"","header-below-stick-meta":"","astra-migrate-meta-layouts":"set","ast-page-background-enabled":"default","ast-page-background-meta":{"desktop":{"background-color":"var(--ast-global-color-5)","background-image":"","background-repeat":"repeat","background-position":"center center","background-size":"auto","background-attachment":"scroll","background-type":"","background-media":"","overlay-type":"","overlay-color":"","overlay-opacity":"","overlay-gradient":""},"tablet":{"background-color":"","background-image":"","background-repeat":"repeat","background-position":"center center","background-size":"auto","background-attachment":"scroll","background-type":"","background-media":"","overlay-type":"","overlay-color":"","overlay-opacity":"","overlay-gradient":""},"mobile":{"background-color":"","background-image":"","background-repeat":"repeat","background-position":"center center","background-size":"auto","background-attachment":"scroll","background-type":"","background-media":"","overlay-type":"","overlay-color":"","overlay-opacity":"","overlay-gradient":""}},"ast-content-background-meta":{"desktop":{"background-color":"var(--ast-global-color-4)","background-image":"","background-repeat":"repeat","background-position":"center center","background-size":"auto","background-attachment":"scroll","background-type":"","background-media":"","overlay-type":"","overlay-color":"","overlay-opacity":"","overlay-gradient":""},"tablet":{"background-color":"var(--ast-global-color-4)","background-image":"","background-repeat":"repeat","background-position":"center center","background-size":"auto","background-attachment":"scroll","background-type":"","background-media":"","overlay-type":"","overlay-color":"","overlay-opacity":"","overlay-gradient":""},"mobile":{"background-color":"var(--ast-global-color-4)","background-image":"","background-repeat":"repeat","background-position":"center center","background-size":"auto","background-attachment":"scroll","background-type":"","background-media":"","overlay-type":"","overlay-color":"","overlay-opacity":"","overlay-gradient":""}},"footnotes":""},"class_list":["post-25","page","type-page","status-publish","hentry"],"_links":{"self":[{"href":"https:\/\/bazenisibenik.hr\/en\/wp-json\/wp\/v2\/pages\/25","targetHints":{"allow":["GET"]}}],"collection":[{"href":"https:\/\/bazenisibenik.hr\/en\/wp-json\/wp\/v2\/pages"}],"about":[{"href":"https:\/\/bazenisibenik.hr\/en\/wp-json\/wp\/v2\/types\/page"}],"author":[{"embeddable":true,"href":"https:\/\/bazenisibenik.hr\/en\/wp-json\/wp\/v2\/users\/1"}],"replies":[{"embeddable":true,"href":"https:\/\/bazenisibenik.hr\/en\/wp-json\/wp\/v2\/comments?post=25"}],"version-history":[{"count":69,"href":"https:\/\/bazenisibenik.hr\/en\/wp-json\/wp\/v2\/pages\/25\/revisions"}],"predecessor-version":[{"id":928,"href":"https:\/\/bazenisibenik.hr\/en\/wp-json\/wp\/v2\/pages\/25\/revisions\/928"}],"wp:attachment":[{"href":"https:\/\/bazenisibenik.hr\/en\/wp-json\/wp\/v2\/media?parent=25"}],"curies":[{"name":"wp","href":"https:\/\/api.w.org\/{rel}","templated":true}]}}